{"id":3680,"date":"2025-01-21T11:13:28","date_gmt":"2025-01-21T10:13:28","guid":{"rendered":"https:\/\/www.supremacyevent.de\/?page_id=3680"},"modified":"2025-02-07T17:42:13","modified_gmt":"2025-02-07T16:42:13","slug":"final-info-supremacy-2025-germany-decoded","status":"publish","type":"page","link":"https:\/\/www.supremacyevent.de\/de\/final-info-supremacy-2025-germany-decoded\/","title":{"rendered":"Final Info"},"content":{"rendered":"<p>Am 15. Februar treffen wir uns in der Westfalenhalle zur ersten Ausgabe von Supremacy 2025 &#8211; Germany Decoded! Hier findest du alles, was du \u00fcber das Event wissen musst!<\/p>\n<h5>TICKETS &amp; ABENDKASSE<\/h5>\n<p>Hast du noch kein Ticket f\u00fcr Supremacy? Es sind noch Tickets <a href=\"https:\/\/www.supremacyevent.de\/de\/tickets\/\">hier erh\u00e4ltlich<\/a>!<\/p>\n<p>F\u00fcr 85\u20ac gibt es auch Tickets an der Abendkasse, die ab 11:30 Uhr ge\u00f6ffnet sein wird.<\/p>\n<p><strong>Ich habe mein(e) Ticket(s) nicht erhalten oder verloren. Was kann ich tun?<\/strong><\/p>\n<p>Tickets werden direkt nach Abschluss der Zahlung verschickt.<\/p>\n<p>Hast du deine Tickets nicht erhalten oder verloren? Gehe zu \u201e<a href=\"https:\/\/account.paylogic.com\/i-lost-my-tickets\">Meine Tickets verwalten<\/a>\u201c, gib deine E-Mail-Adresse ein, und du erh\u00e4ltst die Tickets erneut.<\/p>\n<p>Solltest du die Tickets immer noch nicht finden, k\u00f6nnte es sein, dass du eine andere E-Mail-Adresse verwendet oder dich bei der Eingabe vertippt hast. Bitte kontaktiere in diesem Fall den <a href=\"https:\/\/customerservice.paylogic.com\/hc\/de\">Paylogic-Kundenservice<\/a>, damit sie dir weiterhelfen k\u00f6nnen.<\/p>\n<p><strong>Ich m\u00f6chte den Namen auf meinem Ticket \u00e4ndern<\/strong><\/p>\n<p>Falls du den falschen Namen auf dein Ticket gesetzt hast, kannst du das \u201eName \u00e4ndern\u201c-Tool nutzen. Dieses Tool findest du auf der \u201eMeine Bestellung verwalten\u201c-Seite.<\/p>\n<p>Du gelangst zur \u201eMeine Bestellung verwalten\u201c-Seite \u00fcber den Link im Footer deiner E-Mails von Paylogic oder <a href=\"https:\/\/account.paylogic.com\/manage-order\">direkt hier<\/a>.<\/p>\n<h5>KULTURPASS<\/h5>\n<p>Du bist dieses Jahr 18 geworden oder wirst es noch und m\u00f6chtest kostenlos zu Supremacy? Dann schau dir <a href=\"https:\/\/storefront.prod.kulturpass.de\/product\/mp-04127617\/details\">den Kulturpass<\/a> an!<\/p>\n<h5>TIMETABLE<\/h5>\n<p>Sobald der Timetable verf\u00fcgbar ist, findest du ihn in der offiziellen <a href=\"https:\/\/www.supremacyevent.de\/app\/\">Supremacy-App<\/a>!<\/p>\n<h5>ANREISE<\/h5>\n<p>Hast du deine Reise zu Supremacy schon geplant? Mit deinem Supremacy-Ticket kannst du kostenlos alle Busse, Bahnen und Z\u00fcge im VRR-Tarifgebiet 37\/38 in Dortmund nutzen. Wie Sie Ihr \u00d6PNV-Ticket einl\u00f6sen, lesen Sie in <a href=\"https:\/\/www.supremacyevent.de\/de\/faq\/\">den FAQ<\/a>.<\/p>\n<p>Kommst du aus einer weiter entfernten Stadt? Hardtours bringt dich aus \u00fcber 50 St\u00e4dten wie K\u00f6ln, Mannheim und Frankfurt nach Dortmund! Au\u00dferdem kannst du auch \u201eFeierreisen\u201c nutzen. Weitere Details dazu findest du in <a href=\"https:\/\/www.supremacyevent.de\/de\/faq\/\">den FAQ<\/a>.<\/p>\n<h5>PARKING<\/h5>\n<p>Parking is available at the Westfalenhallen. You can find an overview of the parking lots <a href=\"https:\/\/www.supremacyevent.de\/wp-content\/uploads\/2025\/01\/Gelaendeuebersicht.pdf\">here<\/a>.<\/p>\n<h5>MINDESTALTER<\/h5>\n<p>Das Mindestalter f\u00fcr Supremacy betr\u00e4gt 16 Jahre. Das bedeutet, du musst am Tag der Veranstaltung mindestens 16 Jahre alt sein.<\/p>\n<p>Ausnahmen werden nicht gemacht. Bitte bring einen g\u00fcltigen Lichtbildausweis mit \u2013 ohne Ausweis kein Einlass!<\/p>\n<h5>SUPREMACY APP<\/h5>\n<p>Verpasse deinen Lieblingsk\u00fcnstler nicht \u2013 erstelle deinen eigenen Zeitplan und sieh dir den Floorplan in der offiziellen Supremacy-App an. <a href=\"https:\/\/www.supremacyevent.de\/app\/\">Jetzt herunterladen<\/a>!<\/p>\n<h5>LOCATIONMAP<\/h5>\n<p>Der Floorplan findest du ihn in der offiziellen <a href=\"https:\/\/www.supremacyevent.de\/app\/\">Supremacy-App<\/a> oder <a href=\"https:\/\/www.supremacyevent.de\/floorplan\/\">hier<\/a>!<\/p>\n<h5>GET IN THE MOOD WITH THE \u2018RAW HARDSTYLE BY SUPREMACY\u2019 PLAYLIST<\/h5>\n<p>Prepare for Supremacy with our <a href=\"https:\/\/open.spotify.com\/playlist\/5AclGdvP0vgX9ywNgX2VrG?si=dbe42e9880d54b42\">\u2018RAW Hardstyle by Supremacy\u2019 playlist<\/a>! We give it a fresh update every Friday with the most brutal RAW tracks, keeping you in the loop with the latest releases.<\/p>\n<h5>FUNDSACHEN<\/h5>\n<p>Fundsachen werden w\u00e4hrend der Veranstaltung am Trouble-Shooting (Block Q) gesammelt. Nach der Veranstaltung verbleiben Fundsachen in der Westfalenhalle.<\/p>\n<p>Bitte kontaktiere bez\u00fcglich deiner verlorenen Gegenst\u00e4nde:<\/p>\n<ul>\n<li>Westfalenhalle GmbH<\/li>\n<li>Zentrale Fundstelle \/ Firma K\u00f6tter<\/li>\n<li>Strobelallee 45 \/ 44139 Dortmund<\/li>\n<li>Tel: 0231 \u2013 120 418 90<\/li>\n<li>\u00d6ffnungszeiten: Di. 08.00 \u2013 12.00 Uhr<\/li>\n<\/ul>\n<h5>MERCH<\/h5>\n<p>Sichere dir dein neues Supremacy-Merchandise vor Ort in der Plaza!<\/p>\n<h5>GARDEROBE UND SCHLIE\u00dfF\u00c4CHER<\/h5>\n<p>In den Westfalenhallen gibt es ausreichend Garderoben und Schlie\u00dff\u00e4cher. Du kannst bereits jetzt dein Schlie\u00dffach <a href=\"https:\/\/supremacy.elockers.shop\/lockers\/lockers\">im Vorverkauf buchen<\/a>!<\/p>\n<h5>ZAHLUNG VOR ORT<\/h5>\n<p>An allen Theken &amp; St\u00e4nden kannst Du ganz einfach mit Deiner Giro-, Debit- oder Kreditkarte oder per Smartphone (z.B. Apple Pay oder Google Pay) bezahlen.<\/p>\n<h5>WIEDEREINLASS<\/h5>\n<p>Wiedereinlass ist nicht m\u00f6glich.<\/p>\n<h5>GELDAUTOMATEN<\/h5>\n<p>Es gibt Geldautomaten im Umlauf der Westfalenhalle.<\/p>\n<h5>ESSEN &amp; GETR\u00c4NKE<\/h5>\n<p>In den Westfalenhallen gibt es ausreichend Essens- und Getr\u00e4nkest\u00e4nde (auch f\u00fcr Vegetarier und Veganer). Das Mitbringen von Essen und Getr\u00e4nken ist nicht gestattet.<\/p>\n<h5>EINGESCHR\u00c4NKTER MOBILIT\u00c4T<\/h5>\n<p>Behindertengerechte Eing\u00e4nge und Toiletten sind in der Westfalenhalle vorhanden. Alle Floors sind zug\u00e4nglich. Bitte beachtet, dass die oberen Uml\u00e4ufe der Westfalenhalle (Mainstage) nur \u00fcber Treppen erreichbar sind.<\/p>\n<h5>MEDIKAMENTE<\/h5>\n<p>Es ist nicht erlaubt, Medikamente ohne ein \u00e4rztliches Attest mitzubringen. Mit einem g\u00fcltigen Attest kannst du deine Medikamente jedoch mitnehmen.<\/p>\n<h5>(VIDEO-)KAMERAS<\/h5>\n<p>Alle Fotokameras sind erlaubt \u2013 schnapp dir deine und SPAM das Internet! \ud83c\udf89 Selfie-Sticks sind jedoch nicht erlaubt.<\/p>\n<p>Professionelle Videokameras sind nicht gestattet. Videokameras d\u00fcrfen nicht gr\u00f6\u00dfer als 20&#215;20 cm sein.<\/p>\n<h5>GEH\u00d6RSCHUTZ<\/h5>\n<p>Du hast nur ein Paar Ohren, also behandele sie sorgsam! Du kannst Geh\u00f6rschutz an allen Merchandise-St\u00e4nden erhalten.<\/p>\n<h5>WELCHE GEGENST\u00c4NDE SIND IN DER WESTFALENHALLE VERBOTEN?<\/h5>\n<ul>\n<li>Waffen jeder Art<\/li>\n<li>Gegenst\u00e4nde, die \u00e4hnlich wie Waffen oder gef\u00e4hrliche Geschosse verwendet werden k\u00f6nnen und offensichtlich keinen anderen friedlichen Zweck erf\u00fcllen (z. B. Rucks\u00e4cke)<\/li>\n<li>Drogen, Bet\u00e4ubungsmittel, K.O.-Tropfen und Legal Highs (z. B. Badezus\u00e4tze), es sei denn, ein \u00e4rztliches Dokument best\u00e4tigt eindeutig die Notwendigkeit, sie mitzunehmen und zu verwenden<\/li>\n<li>Reizgas, Pfefferspray, Tierabwehrspray und \u00e4hnliches<\/li>\n<li>Spr\u00fchdeodorants<\/li>\n<li>Laserpointer<\/li>\n<li>\u00c4tzende oder hochentz\u00fcndliche Substanzen<\/li>\n<li>Feuerwerksk\u00f6rper, Wunderkerzen, pyrotechnisches Material, Bengalische Lichter oder jede andere pyrotechnische Wirkung<\/li>\n<li>Werbematerial jeglicher Art, insbesondere Flyer, es sei denn, sie wurden zuvor ausdr\u00fccklich vom Veranstalter genehmigt (in diesem Fall muss der Werbende die schriftliche Zustimmung des Veranstalters vorlegen<\/li>\n<li>Rassistische, xenophobe, links- und rechtsextreme Propaganda, insbesondere von Parteien oder Vereinigungen, die f\u00fcr verfassungswidrig erkl\u00e4rt wurden oder anderweitig verboten sind.<\/li>\n<li>Getr\u00e4nke und Lebensmittel jeglicher Art, es sei denn, der Besucher ist aus gesundheitlichen oder medizinischen<\/li>\n<li>Gr\u00fcnden darauf angewiesen; der Besucher muss die Ausnahme nachweisen<\/li>\n<li>Flaschen, Dosen, Plastikkanister und\/oder andere Trinkbeh\u00e4lter<\/li>\n<li>St\u00fchle, Sitzm\u00f6bel und Sitzgelegenheiten (z. B. Styroporw\u00fcrfel)<\/li>\n<\/ul>\n<p>Weitere verbotene Gegenst\u00e4nde findest du <a href=\"https:\/\/www.i-motion.ag\/de\/agb\/\">hier<\/a> in den Hausregeln.<\/p>\n<h5>CELEBRATE SAFE<\/h5>\n<p>Feiern macht Spa\u00df, aber es ist nie ganz ohne Risiko. Deshalb ist es gut zu wissen, welche Risiken bestehen. Auf <a href=\"http:\/\/www.celebrate-safe.de\">www.celebrate-safe.de<\/a> gibt es Tipps und Informationen f\u00fcr ein bewusstes und sicheres Feiern.<\/p>\n","protected":false},"excerpt":{"rendered":"<p>Am 15. Februar treffen wir uns in der Westfalenhalle zur ersten Ausgabe von Supremacy 2025 &#8211; Germany Decoded! Hier findest du alles, was du \u00fcber das Event wissen musst! TICKETS &amp; ABENDKASSE Hast du noch kein Ticket f\u00fcr Supremacy? Es sind noch Tickets hier erh\u00e4ltlich! F\u00fcr 85\u20ac gibt es auch Tickets an der Abendkasse, die [&hellip;]<\/p>\n","protected":false},"author":40,"featured_media":0,"parent":0,"menu_order":55,"comment_status":"closed","ping_status":"closed","template":"","meta":{"_acf_changed":false,"footnotes":""},"class_list":["post-3680","page","type-page","status-publish","hentry"],"acf":[],"yoast_head":"<!-- This site is optimized with the Yoast SEO plugin v23.2 - https:\/\/yoast.com\/wordpress\/plugins\/seo\/ -->\n<title>Final Info - Supremacy<\/title>\n<meta name=\"description\" content=\"Am 15. Februar treffen wir uns in der Westfalenhalle zur ersten Ausgabe von Supremacy 2025 - Germany Decoded! Hier findest du alles, was du \u00fcber das Event wissen musst!\" \/>\n<meta name=\"robots\" content=\"index, follow, max-snippet:-1, max-image-preview:large, max-video-preview:-1\" \/>\n<link rel=\"canonical\" href=\"https:\/\/www.supremacyevent.de\/de\/final-info-supremacy-2025-germany-decoded\/\" \/>\n<meta property=\"og:locale\" content=\"de_DE\" \/>\n<meta property=\"og:type\" content=\"article\" \/>\n<meta property=\"og:title\" content=\"Final Info - Supremacy\" \/>\n<meta property=\"og:description\" content=\"Am 15. Februar treffen wir uns in der Westfalenhalle zur ersten Ausgabe von Supremacy 2025 - Germany Decoded! Hier findest du alles, was du \u00fcber das Event wissen musst!\" \/>\n<meta property=\"og:url\" content=\"https:\/\/www.supremacyevent.de\/de\/final-info-supremacy-2025-germany-decoded\/\" \/>\n<meta property=\"og:site_name\" content=\"Supremacy\" \/>\n<meta property=\"article:publisher\" content=\"https:\/\/www.facebook.com\/supremacyevents\" \/>\n<meta property=\"article:modified_time\" content=\"2025-02-07T16:42:13+00:00\" \/>\n<meta name=\"twitter:card\" content=\"summary_large_image\" \/>\n<meta name=\"twitter:label1\" content=\"Gesch\u00e4tzte Lesezeit\" \/>\n\t<meta name=\"twitter:data1\" content=\"4 Minuten\" \/>\n<script type=\"application\/ld+json\" class=\"yoast-schema-graph\">{\"@context\":\"https:\/\/schema.org\",\"@graph\":[{\"@type\":\"WebPage\",\"@id\":\"https:\/\/www.supremacyevent.de\/de\/final-info-supremacy-2025-germany-decoded\/\",\"url\":\"https:\/\/www.supremacyevent.de\/de\/final-info-supremacy-2025-germany-decoded\/\",\"name\":\"Final Info - Supremacy\",\"isPartOf\":{\"@id\":\"https:\/\/www.supremacyevent.de\/#website\"},\"datePublished\":\"2025-01-21T10:13:28+00:00\",\"dateModified\":\"2025-02-07T16:42:13+00:00\",\"description\":\"Am 15. Februar treffen wir uns in der Westfalenhalle zur ersten Ausgabe von Supremacy 2025 - Germany Decoded! Hier findest du alles, was du \u00fcber das Event wissen musst!\",\"breadcrumb\":{\"@id\":\"https:\/\/www.supremacyevent.de\/de\/final-info-supremacy-2025-germany-decoded\/#breadcrumb\"},\"inLanguage\":\"de-DE\",\"potentialAction\":[{\"@type\":\"ReadAction\",\"target\":[\"https:\/\/www.supremacyevent.de\/de\/final-info-supremacy-2025-germany-decoded\/\"]}]},{\"@type\":\"BreadcrumbList\",\"@id\":\"https:\/\/www.supremacyevent.de\/de\/final-info-supremacy-2025-germany-decoded\/#breadcrumb\",\"itemListElement\":[{\"@type\":\"ListItem\",\"position\":1,\"name\":\"Home\",\"item\":\"https:\/\/www.supremacyevent.de\/de\/\"},{\"@type\":\"ListItem\",\"position\":2,\"name\":\"Final Info\"}]},{\"@type\":\"WebSite\",\"@id\":\"https:\/\/www.supremacyevent.de\/#website\",\"url\":\"https:\/\/www.supremacyevent.de\/\",\"name\":\"Supremacy\",\"description\":\"\",\"publisher\":{\"@id\":\"https:\/\/www.supremacyevent.de\/#organization\"},\"potentialAction\":[{\"@type\":\"SearchAction\",\"target\":{\"@type\":\"EntryPoint\",\"urlTemplate\":\"https:\/\/www.supremacyevent.de\/?s={search_term_string}\"},\"query-input\":\"required name=search_term_string\"}],\"inLanguage\":\"de-DE\"},{\"@type\":\"Organization\",\"@id\":\"https:\/\/www.supremacyevent.de\/#organization\",\"name\":\"Supremacy\",\"url\":\"https:\/\/www.supremacyevent.de\/\",\"logo\":{\"@type\":\"ImageObject\",\"inLanguage\":\"de-DE\",\"@id\":\"https:\/\/www.supremacyevent.de\/#\/schema\/logo\/image\/\",\"url\":\"https:\/\/www.supremacy-event.nl\/wp-content\/uploads\/2019\/10\/12891057_560648490770998_7143652093354386509_o.png\",\"contentUrl\":\"https:\/\/www.supremacy-event.nl\/wp-content\/uploads\/2019\/10\/12891057_560648490770998_7143652093354386509_o.png\",\"width\":1667,\"height\":1667,\"caption\":\"Supremacy\"},\"image\":{\"@id\":\"https:\/\/www.supremacyevent.de\/#\/schema\/logo\/image\/\"},\"sameAs\":[\"https:\/\/www.facebook.com\/supremacyevents\",\"https:\/\/www.instagram.com\/supremacyevent\"]}]}<\/script>\n<!-- \/ Yoast SEO plugin. -->","yoast_head_json":{"title":"Final Info - Supremacy","description":"Am 15. Februar treffen wir uns in der Westfalenhalle zur ersten Ausgabe von Supremacy 2025 - Germany Decoded! Hier findest du alles, was du \u00fcber das Event wissen musst!","robots":{"index":"index","follow":"follow","max-snippet":"max-snippet:-1","max-image-preview":"max-image-preview:large","max-video-preview":"max-video-preview:-1"},"canonical":"https:\/\/www.supremacyevent.de\/de\/final-info-supremacy-2025-germany-decoded\/","og_locale":"de_DE","og_type":"article","og_title":"Final Info - Supremacy","og_description":"Am 15. Februar treffen wir uns in der Westfalenhalle zur ersten Ausgabe von Supremacy 2025 - Germany Decoded! Hier findest du alles, was du \u00fcber das Event wissen musst!","og_url":"https:\/\/www.supremacyevent.de\/de\/final-info-supremacy-2025-germany-decoded\/","og_site_name":"Supremacy","article_publisher":"https:\/\/www.facebook.com\/supremacyevents","article_modified_time":"2025-02-07T16:42:13+00:00","twitter_card":"summary_large_image","twitter_misc":{"Gesch\u00e4tzte Lesezeit":"4 Minuten"},"schema":{"@context":"https:\/\/schema.org","@graph":[{"@type":"WebPage","@id":"https:\/\/www.supremacyevent.de\/de\/final-info-supremacy-2025-germany-decoded\/","url":"https:\/\/www.supremacyevent.de\/de\/final-info-supremacy-2025-germany-decoded\/","name":"Final Info - Supremacy","isPartOf":{"@id":"https:\/\/www.supremacyevent.de\/#website"},"datePublished":"2025-01-21T10:13:28+00:00","dateModified":"2025-02-07T16:42:13+00:00","description":"Am 15. Februar treffen wir uns in der Westfalenhalle zur ersten Ausgabe von Supremacy 2025 - Germany Decoded! Hier findest du alles, was du \u00fcber das Event wissen musst!","breadcrumb":{"@id":"https:\/\/www.supremacyevent.de\/de\/final-info-supremacy-2025-germany-decoded\/#breadcrumb"},"inLanguage":"de-DE","potentialAction":[{"@type":"ReadAction","target":["https:\/\/www.supremacyevent.de\/de\/final-info-supremacy-2025-germany-decoded\/"]}]},{"@type":"BreadcrumbList","@id":"https:\/\/www.supremacyevent.de\/de\/final-info-supremacy-2025-germany-decoded\/#breadcrumb","itemListElement":[{"@type":"ListItem","position":1,"name":"Home","item":"https:\/\/www.supremacyevent.de\/de\/"},{"@type":"ListItem","position":2,"name":"Final Info"}]},{"@type":"WebSite","@id":"https:\/\/www.supremacyevent.de\/#website","url":"https:\/\/www.supremacyevent.de\/","name":"Supremacy","description":"","publisher":{"@id":"https:\/\/www.supremacyevent.de\/#organization"},"potentialAction":[{"@type":"SearchAction","target":{"@type":"EntryPoint","urlTemplate":"https:\/\/www.supremacyevent.de\/?s={search_term_string}"},"query-input":"required name=search_term_string"}],"inLanguage":"de-DE"},{"@type":"Organization","@id":"https:\/\/www.supremacyevent.de\/#organization","name":"Supremacy","url":"https:\/\/www.supremacyevent.de\/","logo":{"@type":"ImageObject","inLanguage":"de-DE","@id":"https:\/\/www.supremacyevent.de\/#\/schema\/logo\/image\/","url":"https:\/\/www.supremacy-event.nl\/wp-content\/uploads\/2019\/10\/12891057_560648490770998_7143652093354386509_o.png","contentUrl":"https:\/\/www.supremacy-event.nl\/wp-content\/uploads\/2019\/10\/12891057_560648490770998_7143652093354386509_o.png","width":1667,"height":1667,"caption":"Supremacy"},"image":{"@id":"https:\/\/www.supremacyevent.de\/#\/schema\/logo\/image\/"},"sameAs":["https:\/\/www.facebook.com\/supremacyevents","https:\/\/www.instagram.com\/supremacyevent"]}]}},"_links":{"self":[{"href":"https:\/\/www.supremacyevent.de\/de\/wp-json\/wp\/v2\/pages\/3680","targetHints":{"allow":["GET"]}}],"collection":[{"href":"https:\/\/www.supremacyevent.de\/de\/wp-json\/wp\/v2\/pages"}],"about":[{"href":"https:\/\/www.supremacyevent.de\/de\/wp-json\/wp\/v2\/types\/page"}],"author":[{"embeddable":true,"href":"https:\/\/www.supremacyevent.de\/de\/wp-json\/wp\/v2\/users\/40"}],"replies":[{"embeddable":true,"href":"https:\/\/www.supremacyevent.de\/de\/wp-json\/wp\/v2\/comments?post=3680"}],"version-history":[{"count":0,"href":"https:\/\/www.supremacyevent.de\/de\/wp-json\/wp\/v2\/pages\/3680\/revisions"}],"wp:attachment":[{"href":"https:\/\/www.supremacyevent.de\/de\/wp-json\/wp\/v2\/media?parent=3680"}],"curies":[{"name":"wp","href":"https:\/\/api.w.org\/{rel}","templated":true}]}}